{"id":171,"date":"2023-11-07T13:01:18","date_gmt":"2023-11-07T12:01:18","guid":{"rendered":"https:\/\/xn--tpferliebe-ecb.com\/?page_id=171"},"modified":"2023-11-29T10:34:13","modified_gmt":"2023-11-29T09:34:13","slug":"toepfern-das-grosse-ganze","status":"publish","type":"page","link":"https:\/\/t\u00f6pferliebe.com\/?page_id=171","title":{"rendered":"\u00dcber mich"},"content":{"rendered":"\t\t<div data-elementor-type=\"wp-page\" data-elementor-id=\"171\" class=\"elementor elementor-171\">\n\t\t\t\t\t\t<section class=\"elementor-section elementor-top-section elementor-element elementor-element-7174b0f5 elementor-section-boxed elementor-section-height-default elementor-section-height-default\" data-id=\"7174b0f5\" data-element_type=\"section\">\n\t\t\t\t\t\t<div class=\"elementor-container elementor-column-gap-default\">\n\t\t\t\t\t<div class=\"aux-parallax-section elementor-column elementor-col-100 elementor-top-column elementor-element elementor-element-5155cce5\" data-id=\"5155cce5\" data-element_type=\"column\">\n\t\t\t<div class=\"elementor-widget-wrap elementor-element-populated\">\n\t\t\t\t\t\t<div class=\"elementor-element elementor-element-6228a3eb elementor-widget elementor-widget-text-editor\" data-id=\"6228a3eb\" data-element_type=\"widget\" data-widget_type=\"text-editor.default\">\n\t\t\t\t<div class=\"elementor-widget-container\">\n\t\t\t\t\t\t\t\t\tT\u00f6pfern und Keramik sind wirklich faszinierend und einzigartig. Viele Menschen finden es unglaublich entspannend und beruhigend, sich mit diesem Handwerk zu besch\u00e4ftigen. Die Vielseitigkeit des Materials erm\u00f6glicht es, kreative Formen und Designs zu erschaffen. Es ist erstaunlich, wie man mit den eigenen H\u00e4nden etwas Sch\u00f6nes und N\u00fctzliches erschaffen kann. Die Konzentration auf das Formen und Gestalten hilft dabei, den Geist zu beruhigen und den Alltagsstress hinter sich zu lassen. Es ist wirklich eine wunderbare Art, sich k\u00fcnstlerisch auszudr\u00fccken und gleichzeitig zur inneren Ruhe zu finden.\t\t\t\t\t\t\t\t<\/div>\n\t\t\t\t<\/div>\n\t\t\t\t\t<\/div>\n\t\t<\/div>\n\t\t\t\t\t<\/div>\n\t\t<\/section>\n\t\t\t\t<section class=\"elementor-section elementor-top-section elementor-element elementor-element-939ad0d elementor-section-boxed elementor-section-height-default elementor-section-height-default\" data-id=\"939ad0d\" data-element_type=\"section\">\n\t\t\t\t\t\t<div class=\"elementor-container elementor-column-gap-default\">\n\t\t\t\t\t<div class=\"aux-parallax-section elementor-column elementor-col-100 elementor-top-column elementor-element elementor-element-60913a5\" data-id=\"60913a5\" data-element_type=\"column\">\n\t\t\t<div class=\"elementor-widget-wrap elementor-element-populated\">\n\t\t\t\t\t\t<div class=\"elementor-element elementor-element-7497e30 elementor-widget elementor-widget-image\" data-id=\"7497e30\" data-element_type=\"widget\" data-widget_type=\"image.default\">\n\t\t\t\t<div class=\"elementor-widget-container\">\n\t\t\t\t\t\t\t\t\t\t\t\t\t\t\t<img fetchpriority=\"high\" decoding=\"async\" width=\"2560\" height=\"563\" src=\"https:\/\/t\u00f6pferliebe.com\/wp-content\/uploads\/2023\/11\/karen-maes-9bnJPZdU_pU-unsplash-Kopie-1-scaled.jpg\" class=\"attachment-full size-full wp-image-304\" alt=\"\" srcset=\"https:\/\/t\u00f6pferliebe.com\/wp-content\/uploads\/2023\/11\/karen-maes-9bnJPZdU_pU-unsplash-Kopie-1-scaled.jpg 2560w, https:\/\/t\u00f6pferliebe.com\/wp-content\/uploads\/2023\/11\/karen-maes-9bnJPZdU_pU-unsplash-Kopie-1-1536x338.jpg 1536w, https:\/\/t\u00f6pferliebe.com\/wp-content\/uploads\/2023\/11\/karen-maes-9bnJPZdU_pU-unsplash-Kopie-1-2048x450.jpg 2048w, https:\/\/t\u00f6pferliebe.com\/wp-content\/uploads\/2023\/11\/karen-maes-9bnJPZdU_pU-unsplash-Kopie-1-200x44.jpg 200w\" sizes=\"(max-width: 2560px) 100vw, 2560px\" \/>\t\t\t\t\t\t\t\t\t\t\t\t\t\t\t<\/div>\n\t\t\t\t<\/div>\n\t\t\t\t<div class=\"elementor-element elementor-element-b82c581 elementor-widget elementor-widget-text-editor\" data-id=\"b82c581\" data-element_type=\"widget\" data-widget_type=\"text-editor.default\">\n\t\t\t\t<div class=\"elementor-widget-container\">\n\t\t\t\t\t\t\t\t\t<p class=\"MsoNormal\">Hallo,\u00a0<\/p><p class=\"MsoNormal\">mein Name ist Helene und seit einigen Jahren bin ich begeistert vom T\u00f6pfern. Es begann alles, als mein Sohn auf die Welt kam und ich irgendwann nach einem Hobby zur Entspannung suchte. Ich wollte etwas finden, das mir Freude bereitet und mich gleichzeitig zur Ruhe kommen l\u00e4sst. So stie\u00df ich auf das T\u00f6pfern und es wurde schnell zu einer unfassbaren Leidenschaft.<\/p><p class=\"MsoNormal\">\u00a0<\/p><p class=\"MsoNormal\">Das Material fasziniert mich immer wieder aufs Neue. Die M\u00f6glichkeit, aus einem einfachen St\u00fcck Ton etwas Sch\u00f6nes und Einzigartiges zu formen, ist f\u00fcr mich magisch. Jedes H\u00e4ferl, jede Vase oder Skulptur erz\u00e4hlt eine eigene Geschichte und spiegelt meine Kreativit\u00e4t wider.<\/p><p class=\"MsoNormal\">\u00a0<\/p><p class=\"MsoNormal\">Ich m\u00f6chte meine Erfahrungen gerne mit all jenen teilen, die ebenso von dieser Kunstform begeistert sind. Ob du nach Informationen suchst, dich inspirieren lassen m\u00f6chtest oder einfach nur etwas dazu lernen willst &#8211; ich stehe dir gerne zur Seite. Gemeinsam k\u00f6nnen wir uns in die Welt des T\u00f6pferns vertiefen und neue Techniken entdecken.<\/p><p class=\"MsoNormal\">\u00a0<\/p><p class=\"MsoNormal\">Es gibt so viele M\u00f6glichkeiten, mit Ton zu arbeiten: von der traditionellen Handformung bis hin zum Drehen an der T\u00f6pferscheibe. Jeder Schritt birgt seine eigenen Herausforderungen und Belohnungen. Ich habe im Laufe der Jahre viel gelernt und m\u00f6chte dieses Wissen gerne weitergeben.<\/p><p class=\"MsoNormal\">\u00a0<\/p><p class=\"MsoNormal\">Also lass uns gemeinsam in die Welt des T\u00f6pferns eintauchen! Egal ob Anf\u00e4nger oder Fortgeschrittener, jeder kann seine kreative Seite entfalten und einzigartige Kunstwerke erschaffen. Lass dich von meiner Begeisterung anstecken und entdecke die wunderbare Welt des T\u00f6pferns.<\/p>\t\t\t\t\t\t\t\t<\/div>\n\t\t\t\t<\/div>\n\t\t\t\t\t<\/div>\n\t\t<\/div>\n\t\t\t\t\t<\/div>\n\t\t<\/section>\n\t\t\t\t<\/div>\n\t\t","protected":false},"excerpt":{"rendered":"<p>T\u00f6pfern und Keramik sind wirklich faszinierend und einzigartig. Viele Menschen finden es unglaublich entspannend und beruhigend, sich mit diesem Handwerk zu besch\u00e4ftigen. Die Vielseitigkeit des Materials erm\u00f6glicht es, kreative Formen und Designs zu erschaffen. Es ist erstaunlich, wie man mit den eigenen H\u00e4nden etwas Sch\u00f6nes und N\u00fctzliches erschaffen kann. Die Konzentration auf das Formen und [&hellip;]<\/p>\n","protected":false},"author":1,"featured_media":0,"parent":0,"menu_order":0,"comment_status":"closed","ping_status":"closed","template":"","meta":{"footnotes":""},"yoast_head":"<!-- This site is optimized with the Yoast SEO plugin v22.1 - https:\/\/yoast.com\/wordpress\/plugins\/seo\/ -->\n<title>\u00dcber mich, Freude, Leidenschaft, Ruhe,...<\/title>\n<meta name=\"description\" content=\"Hallo mein Name ist Helene und ich m\u00f6chte mit dir die wundervolle Welt des T\u00f6pferns erobern. T\u00f6pfern ist meine Leidenschaft und gibt mir Ruhe und Kraft.\" \/>\n<meta name=\"robots\" content=\"index, follow, max-snippet:-1, max-image-preview:large, max-video-preview:-1\" \/>\n<link rel=\"canonical\" href=\"https:\/\/t\u00f6pferliebe.com\/?page_id=171\" \/>\n<meta property=\"og:locale\" content=\"en_US\" \/>\n<meta property=\"og:type\" content=\"article\" \/>\n<meta property=\"og:title\" content=\"\u00dcber mich, Freude, Leidenschaft, Ruhe,...\" \/>\n<meta property=\"og:description\" content=\"Hallo mein Name ist Helene und ich m\u00f6chte mit dir die wundervolle Welt des T\u00f6pferns erobern. T\u00f6pfern ist meine Leidenschaft und gibt mir Ruhe und Kraft.\" \/>\n<meta property=\"og:url\" content=\"https:\/\/t\u00f6pferliebe.com\/?page_id=171\" \/>\n<meta property=\"og:site_name\" content=\"t\u00f6pferliebe.com\" \/>\n<meta property=\"article:modified_time\" content=\"2023-11-29T09:34:13+00:00\" \/>\n<meta property=\"og:image\" content=\"http:\/\/xn--tpferliebe-ecb.com\/wp-content\/uploads\/2023\/11\/karen-maes-9bnJPZdU_pU-unsplash-Kopie-1-scaled.jpg\" \/>\n<meta name=\"twitter:card\" content=\"summary_large_image\" \/>\n<meta name=\"twitter:label1\" content=\"Est. reading time\" \/>\n\t<meta name=\"twitter:data1\" content=\"2 minutes\" \/>\n<script type=\"application\/ld+json\" class=\"yoast-schema-graph\">{\"@context\":\"https:\/\/schema.org\",\"@graph\":[{\"@type\":\"WebPage\",\"@id\":\"https:\/\/t\u00f6pferliebe.com\/?page_id=171\",\"url\":\"https:\/\/t\u00f6pferliebe.com\/?page_id=171\",\"name\":\"\u00dcber mich, Freude, Leidenschaft, Ruhe,...\",\"isPartOf\":{\"@id\":\"https:\/\/t\u00f6pferliebe.com\/#website\"},\"datePublished\":\"2023-11-07T12:01:18+00:00\",\"dateModified\":\"2023-11-29T09:34:13+00:00\",\"description\":\"Hallo mein Name ist Helene und ich m\u00f6chte mit dir die wundervolle Welt des T\u00f6pferns erobern. T\u00f6pfern ist meine Leidenschaft und gibt mir Ruhe und Kraft.\",\"breadcrumb\":{\"@id\":\"https:\/\/t\u00f6pferliebe.com\/?page_id=171#breadcrumb\"},\"inLanguage\":\"en-US\",\"potentialAction\":[{\"@type\":\"ReadAction\",\"target\":[\"https:\/\/t\u00f6pferliebe.com\/?page_id=171\"]}]},{\"@type\":\"BreadcrumbList\",\"@id\":\"https:\/\/t\u00f6pferliebe.com\/?page_id=171#breadcrumb\",\"itemListElement\":[{\"@type\":\"ListItem\",\"position\":1,\"name\":\"Startseite\",\"item\":\"https:\/\/t\u00f6pferliebe.com\/\"},{\"@type\":\"ListItem\",\"position\":2,\"name\":\"\u00dcber mich\"}]},{\"@type\":\"WebSite\",\"@id\":\"https:\/\/t\u00f6pferliebe.com\/#website\",\"url\":\"https:\/\/t\u00f6pferliebe.com\/\",\"name\":\"t\u00f6pferliebe.com\",\"description\":\"\",\"publisher\":{\"@id\":\"https:\/\/t\u00f6pferliebe.com\/#organization\"},\"potentialAction\":[{\"@type\":\"SearchAction\",\"target\":{\"@type\":\"EntryPoint\",\"urlTemplate\":\"https:\/\/t\u00f6pferliebe.com\/?s={search_term_string}\"},\"query-input\":\"required name=search_term_string\"}],\"inLanguage\":\"en-US\"},{\"@type\":\"Organization\",\"@id\":\"https:\/\/t\u00f6pferliebe.com\/#organization\",\"name\":\"t\u00f6pferliebe.com\",\"url\":\"https:\/\/t\u00f6pferliebe.com\/\",\"logo\":{\"@type\":\"ImageObject\",\"inLanguage\":\"en-US\",\"@id\":\"https:\/\/t\u00f6pferliebe.com\/#\/schema\/logo\/image\/\",\"url\":\"https:\/\/t\u00f6pferliebe.com\/wp-content\/uploads\/2023\/11\/cropped-cropped-cropped-banner-Logo1-scaled-1.jpg\",\"contentUrl\":\"https:\/\/t\u00f6pferliebe.com\/wp-content\/uploads\/2023\/11\/cropped-cropped-cropped-banner-Logo1-scaled-1.jpg\",\"width\":2560,\"height\":642,\"caption\":\"t\u00f6pferliebe.com\"},\"image\":{\"@id\":\"https:\/\/t\u00f6pferliebe.com\/#\/schema\/logo\/image\/\"}}]}<\/script>\n<!-- \/ Yoast SEO plugin. -->","yoast_head_json":{"title":"\u00dcber mich, Freude, Leidenschaft, Ruhe,...","description":"Hallo mein Name ist Helene und ich m\u00f6chte mit dir die wundervolle Welt des T\u00f6pferns erobern. T\u00f6pfern ist meine Leidenschaft und gibt mir Ruhe und Kraft.","robots":{"index":"index","follow":"follow","max-snippet":"max-snippet:-1","max-image-preview":"max-image-preview:large","max-video-preview":"max-video-preview:-1"},"canonical":"https:\/\/t\u00f6pferliebe.com\/?page_id=171","og_locale":"en_US","og_type":"article","og_title":"\u00dcber mich, Freude, Leidenschaft, Ruhe,...","og_description":"Hallo mein Name ist Helene und ich m\u00f6chte mit dir die wundervolle Welt des T\u00f6pferns erobern. T\u00f6pfern ist meine Leidenschaft und gibt mir Ruhe und Kraft.","og_url":"https:\/\/t\u00f6pferliebe.com\/?page_id=171","og_site_name":"t\u00f6pferliebe.com","article_modified_time":"2023-11-29T09:34:13+00:00","og_image":[{"url":"http:\/\/xn--tpferliebe-ecb.com\/wp-content\/uploads\/2023\/11\/karen-maes-9bnJPZdU_pU-unsplash-Kopie-1-scaled.jpg"}],"twitter_card":"summary_large_image","twitter_misc":{"Est. reading time":"2 minutes"},"schema":{"@context":"https:\/\/schema.org","@graph":[{"@type":"WebPage","@id":"https:\/\/t\u00f6pferliebe.com\/?page_id=171","url":"https:\/\/t\u00f6pferliebe.com\/?page_id=171","name":"\u00dcber mich, Freude, Leidenschaft, Ruhe,...","isPartOf":{"@id":"https:\/\/t\u00f6pferliebe.com\/#website"},"datePublished":"2023-11-07T12:01:18+00:00","dateModified":"2023-11-29T09:34:13+00:00","description":"Hallo mein Name ist Helene und ich m\u00f6chte mit dir die wundervolle Welt des T\u00f6pferns erobern. T\u00f6pfern ist meine Leidenschaft und gibt mir Ruhe und Kraft.","breadcrumb":{"@id":"https:\/\/t\u00f6pferliebe.com\/?page_id=171#breadcrumb"},"inLanguage":"en-US","potentialAction":[{"@type":"ReadAction","target":["https:\/\/t\u00f6pferliebe.com\/?page_id=171"]}]},{"@type":"BreadcrumbList","@id":"https:\/\/t\u00f6pferliebe.com\/?page_id=171#breadcrumb","itemListElement":[{"@type":"ListItem","position":1,"name":"Startseite","item":"https:\/\/t\u00f6pferliebe.com\/"},{"@type":"ListItem","position":2,"name":"\u00dcber mich"}]},{"@type":"WebSite","@id":"https:\/\/t\u00f6pferliebe.com\/#website","url":"https:\/\/t\u00f6pferliebe.com\/","name":"t\u00f6pferliebe.com","description":"","publisher":{"@id":"https:\/\/t\u00f6pferliebe.com\/#organization"},"potentialAction":[{"@type":"SearchAction","target":{"@type":"EntryPoint","urlTemplate":"https:\/\/t\u00f6pferliebe.com\/?s={search_term_string}"},"query-input":"required name=search_term_string"}],"inLanguage":"en-US"},{"@type":"Organization","@id":"https:\/\/t\u00f6pferliebe.com\/#organization","name":"t\u00f6pferliebe.com","url":"https:\/\/t\u00f6pferliebe.com\/","logo":{"@type":"ImageObject","inLanguage":"en-US","@id":"https:\/\/t\u00f6pferliebe.com\/#\/schema\/logo\/image\/","url":"https:\/\/t\u00f6pferliebe.com\/wp-content\/uploads\/2023\/11\/cropped-cropped-cropped-banner-Logo1-scaled-1.jpg","contentUrl":"https:\/\/t\u00f6pferliebe.com\/wp-content\/uploads\/2023\/11\/cropped-cropped-cropped-banner-Logo1-scaled-1.jpg","width":2560,"height":642,"caption":"t\u00f6pferliebe.com"},"image":{"@id":"https:\/\/t\u00f6pferliebe.com\/#\/schema\/logo\/image\/"}}]}},"_links":{"self":[{"href":"https:\/\/t\u00f6pferliebe.com\/index.php?rest_route=\/wp\/v2\/pages\/171"}],"collection":[{"href":"https:\/\/t\u00f6pferliebe.com\/index.php?rest_route=\/wp\/v2\/pages"}],"about":[{"href":"https:\/\/t\u00f6pferliebe.com\/index.php?rest_route=\/wp\/v2\/types\/page"}],"author":[{"embeddable":true,"href":"https:\/\/t\u00f6pferliebe.com\/index.php?rest_route=\/wp\/v2\/users\/1"}],"replies":[{"embeddable":true,"href":"https:\/\/t\u00f6pferliebe.com\/index.php?rest_route=%2Fwp%2Fv2%2Fcomments&post=171"}],"version-history":[{"count":16,"href":"https:\/\/t\u00f6pferliebe.com\/index.php?rest_route=\/wp\/v2\/pages\/171\/revisions"}],"predecessor-version":[{"id":541,"href":"https:\/\/t\u00f6pferliebe.com\/index.php?rest_route=\/wp\/v2\/pages\/171\/revisions\/541"}],"wp:attachment":[{"href":"https:\/\/t\u00f6pferliebe.com\/index.php?rest_route=%2Fwp%2Fv2%2Fmedia&parent=171"}],"curies":[{"name":"wp","href":"https:\/\/api.w.org\/{rel}","templated":true}]}}