{"id":341,"date":"2023-11-21T14:28:46","date_gmt":"2023-11-21T13:28:46","guid":{"rendered":"https:\/\/xn--tpferliebe-ecb.com\/?page_id=341"},"modified":"2023-11-21T14:48:19","modified_gmt":"2023-11-21T13:48:19","slug":"impressum","status":"publish","type":"page","link":"https:\/\/t\u00f6pferliebe.com\/?page_id=341","title":{"rendered":"Impressum"},"content":{"rendered":"<h4>Impressum<\/h4>\n<p><b>Informationen und Offenlegung gem\u00e4\u00df \u00a75 (1) ECG, \u00a7 25 MedienG, \u00a7 63 GewO und \u00a7 14 UGB<\/b><\/p>\n<p><b>Webseitenbetreiber:<\/b>\u00a0Helene Gluschitz<\/p>\n<p><b>Anschrift:<\/b>\u00a0Untere Hauptstrasse 23, 3192 Hohenberg<\/p>\n<p><b>UID-Nr:<\/b><br \/>\n<b>Gewerbeaufsichtbeh\u00f6rde:<\/b>\u00a0Lilienfeld<br \/>\n<b>Mitgliedschaften:<\/b>Mitglied der WKO<\/p>\n<p><b>Kontaktdaten:<\/b><br \/>\nTelefon: 06505002531 keine telefonische Beratung<br \/>\nEmail: helene.gluschitz@gmail.com<br \/>\nFax:<\/p>\n<p><b>Anwendbare Rechtsvorschrift:<\/b>\u00a0www.ris.bka.gv.at<br \/>\n<b>Berufsbezeichnung:<\/b>\u00a0freies Gewerbe<\/p>\n<p><b>Online Streitbeilegung:<\/b>\u00a0Verbraucher, welche in \u00d6sterreich oder in einem sonstigen Vertragsstaat der ODR-VO niedergelassen sind, haben die M\u00f6glichkeit Probleme bez\u00fcglich dem entgeltlichen Kauf von Waren oder Dienstleistungen im Rahmen einer Online-Streitbeilegung (nach OS, AStG) zu l\u00f6sen. Die Europa\u0308ische Kommission stellt eine Plattform hierf\u00fcr bereit: https:\/\/ec.europa.eu\/consumers\/odr<\/p>\n<p><b>Urheberrecht:<\/b>\u00a0Die Inhalte dieser Webseite unterliegen, soweit dies rechtlich m\u00f6glich ist, diversen Schutzrechten (z.B dem Urheberrecht). Jegliche Verwendung\/Verbreitung von bereitgestelltem Material, welche urheberrechtlich untersagt ist, bedarf schriftlicher Zustimmung des Webseitenbetreibers.<\/p>\n<p><b>Haftungsausschluss:<\/b>\u00a0Trotz sorgf\u00e4ltiger inhaltlicher Kontrolle \u00fcbernimmt der Webseitenbetreiber dieser Webseite keine Haftung f\u00fcr die Inhalte externer Links. F\u00fcr den Inhalt der verlinkten Seiten sind ausschlie\u00dflich deren Betreiber verantwortlich. Sollten Sie dennoch auf ausgehende Links aufmerksam werden, welche auf eine Webseite mit rechtswidriger T\u00e4tigkeit\/Information verweisen, ersuchen wir um dementsprechenden Hinweis, um diese nach \u00a7 17 Abs. 2 ECG umgehend zu entfernen.<br \/>\nDie Urheberrechte Dritter werden vom Betreiber dieser Webseite mit gr\u00f6\u00dfter Sorgfalt beachtet. Sollten Sie trotzdem auf eine Urheberrechtsverletzung aufmerksam werden, bitten wir um einen entsprechenden Hinweis. Bei Bekanntwerden derartiger Rechtsverletzungen werden wir den betroffenen Inhalt umgehend entfernen.<\/p>\n","protected":false},"excerpt":{"rendered":"<p>Impressum Informationen und Offenlegung gem\u00e4\u00df \u00a75 (1) ECG, \u00a7 25 MedienG, \u00a7 63 GewO und \u00a7 14 UGB Webseitenbetreiber:\u00a0Helene Gluschitz Anschrift:\u00a0Untere Hauptstrasse 23, 3192 Hohenberg UID-Nr: Gewerbeaufsichtbeh\u00f6rde:\u00a0Lilienfeld Mitgliedschaften:Mitglied der WKO Kontaktdaten: Telefon: 06505002531 keine telefonische Beratung Email: helene.gluschitz@gmail.com Fax: Anwendbare Rechtsvorschrift:\u00a0www.ris.bka.gv.at Berufsbezeichnung:\u00a0freies Gewerbe Online Streitbeilegung:\u00a0Verbraucher, welche in \u00d6sterreich oder in einem sonstigen Vertragsstaat der ODR-VO [&hellip;]<\/p>\n","protected":false},"author":1,"featured_media":0,"parent":0,"menu_order":0,"comment_status":"closed","ping_status":"closed","template":"","meta":{"footnotes":""},"yoast_head":"<!-- This site is optimized with the Yoast SEO plugin v22.1 - https:\/\/yoast.com\/wordpress\/plugins\/seo\/ -->\n<title>Impressum<\/title>\n<meta name=\"robots\" content=\"index, follow, max-snippet:-1, max-image-preview:large, max-video-preview:-1\" \/>\n<link rel=\"canonical\" href=\"https:\/\/t\u00f6pferliebe.com\/?page_id=341\" \/>\n<meta property=\"og:locale\" content=\"en_US\" \/>\n<meta property=\"og:type\" content=\"article\" \/>\n<meta property=\"og:title\" content=\"Impressum\" \/>\n<meta property=\"og:description\" content=\"Impressum Informationen und Offenlegung gem\u00e4\u00df \u00a75 (1) ECG, \u00a7 25 MedienG, \u00a7 63 GewO und \u00a7 14 UGB Webseitenbetreiber:\u00a0Helene Gluschitz Anschrift:\u00a0Untere Hauptstrasse 23, 3192 Hohenberg UID-Nr: Gewerbeaufsichtbeh\u00f6rde:\u00a0Lilienfeld Mitgliedschaften:Mitglied der WKO Kontaktdaten: Telefon: 06505002531 keine telefonische Beratung Email: helene.gluschitz@gmail.com Fax: Anwendbare Rechtsvorschrift:\u00a0www.ris.bka.gv.at Berufsbezeichnung:\u00a0freies Gewerbe Online Streitbeilegung:\u00a0Verbraucher, welche in \u00d6sterreich oder in einem sonstigen Vertragsstaat der ODR-VO [&hellip;]\" \/>\n<meta property=\"og:url\" content=\"https:\/\/t\u00f6pferliebe.com\/?page_id=341\" \/>\n<meta property=\"og:site_name\" content=\"t\u00f6pferliebe.com\" \/>\n<meta property=\"article:modified_time\" content=\"2023-11-21T13:48:19+00:00\" \/>\n<meta name=\"twitter:card\" content=\"summary_large_image\" \/>\n<meta name=\"twitter:label1\" content=\"Est. reading time\" \/>\n\t<meta name=\"twitter:data1\" content=\"2 minutes\" \/>\n<script type=\"application\/ld+json\" class=\"yoast-schema-graph\">{\"@context\":\"https:\/\/schema.org\",\"@graph\":[{\"@type\":\"WebPage\",\"@id\":\"https:\/\/t\u00f6pferliebe.com\/?page_id=341\",\"url\":\"https:\/\/t\u00f6pferliebe.com\/?page_id=341\",\"name\":\"Impressum\",\"isPartOf\":{\"@id\":\"https:\/\/t\u00f6pferliebe.com\/#website\"},\"datePublished\":\"2023-11-21T13:28:46+00:00\",\"dateModified\":\"2023-11-21T13:48:19+00:00\",\"breadcrumb\":{\"@id\":\"https:\/\/t\u00f6pferliebe.com\/?page_id=341#breadcrumb\"},\"inLanguage\":\"en-US\",\"potentialAction\":[{\"@type\":\"ReadAction\",\"target\":[\"https:\/\/t\u00f6pferliebe.com\/?page_id=341\"]}]},{\"@type\":\"BreadcrumbList\",\"@id\":\"https:\/\/t\u00f6pferliebe.com\/?page_id=341#breadcrumb\",\"itemListElement\":[{\"@type\":\"ListItem\",\"position\":1,\"name\":\"Startseite\",\"item\":\"https:\/\/t\u00f6pferliebe.com\/\"},{\"@type\":\"ListItem\",\"position\":2,\"name\":\"Impressum\"}]},{\"@type\":\"WebSite\",\"@id\":\"https:\/\/t\u00f6pferliebe.com\/#website\",\"url\":\"https:\/\/t\u00f6pferliebe.com\/\",\"name\":\"t\u00f6pferliebe.com\",\"description\":\"\",\"publisher\":{\"@id\":\"https:\/\/t\u00f6pferliebe.com\/#organization\"},\"potentialAction\":[{\"@type\":\"SearchAction\",\"target\":{\"@type\":\"EntryPoint\",\"urlTemplate\":\"https:\/\/t\u00f6pferliebe.com\/?s={search_term_string}\"},\"query-input\":\"required name=search_term_string\"}],\"inLanguage\":\"en-US\"},{\"@type\":\"Organization\",\"@id\":\"https:\/\/t\u00f6pferliebe.com\/#organization\",\"name\":\"t\u00f6pferliebe.com\",\"url\":\"https:\/\/t\u00f6pferliebe.com\/\",\"logo\":{\"@type\":\"ImageObject\",\"inLanguage\":\"en-US\",\"@id\":\"https:\/\/t\u00f6pferliebe.com\/#\/schema\/logo\/image\/\",\"url\":\"https:\/\/t\u00f6pferliebe.com\/wp-content\/uploads\/2023\/11\/cropped-cropped-cropped-banner-Logo1-scaled-1.jpg\",\"contentUrl\":\"https:\/\/t\u00f6pferliebe.com\/wp-content\/uploads\/2023\/11\/cropped-cropped-cropped-banner-Logo1-scaled-1.jpg\",\"width\":2560,\"height\":642,\"caption\":\"t\u00f6pferliebe.com\"},\"image\":{\"@id\":\"https:\/\/t\u00f6pferliebe.com\/#\/schema\/logo\/image\/\"}}]}<\/script>\n<!-- \/ Yoast SEO plugin. -->","yoast_head_json":{"title":"Impressum","robots":{"index":"index","follow":"follow","max-snippet":"max-snippet:-1","max-image-preview":"max-image-preview:large","max-video-preview":"max-video-preview:-1"},"canonical":"https:\/\/t\u00f6pferliebe.com\/?page_id=341","og_locale":"en_US","og_type":"article","og_title":"Impressum","og_description":"Impressum Informationen und Offenlegung gem\u00e4\u00df \u00a75 (1) ECG, \u00a7 25 MedienG, \u00a7 63 GewO und \u00a7 14 UGB Webseitenbetreiber:\u00a0Helene Gluschitz Anschrift:\u00a0Untere Hauptstrasse 23, 3192 Hohenberg UID-Nr: Gewerbeaufsichtbeh\u00f6rde:\u00a0Lilienfeld Mitgliedschaften:Mitglied der WKO Kontaktdaten: Telefon: 06505002531 keine telefonische Beratung Email: helene.gluschitz@gmail.com Fax: Anwendbare Rechtsvorschrift:\u00a0www.ris.bka.gv.at Berufsbezeichnung:\u00a0freies Gewerbe Online Streitbeilegung:\u00a0Verbraucher, welche in \u00d6sterreich oder in einem sonstigen Vertragsstaat der ODR-VO [&hellip;]","og_url":"https:\/\/t\u00f6pferliebe.com\/?page_id=341","og_site_name":"t\u00f6pferliebe.com","article_modified_time":"2023-11-21T13:48:19+00:00","twitter_card":"summary_large_image","twitter_misc":{"Est. reading time":"2 minutes"},"schema":{"@context":"https:\/\/schema.org","@graph":[{"@type":"WebPage","@id":"https:\/\/t\u00f6pferliebe.com\/?page_id=341","url":"https:\/\/t\u00f6pferliebe.com\/?page_id=341","name":"Impressum","isPartOf":{"@id":"https:\/\/t\u00f6pferliebe.com\/#website"},"datePublished":"2023-11-21T13:28:46+00:00","dateModified":"2023-11-21T13:48:19+00:00","breadcrumb":{"@id":"https:\/\/t\u00f6pferliebe.com\/?page_id=341#breadcrumb"},"inLanguage":"en-US","potentialAction":[{"@type":"ReadAction","target":["https:\/\/t\u00f6pferliebe.com\/?page_id=341"]}]},{"@type":"BreadcrumbList","@id":"https:\/\/t\u00f6pferliebe.com\/?page_id=341#breadcrumb","itemListElement":[{"@type":"ListItem","position":1,"name":"Startseite","item":"https:\/\/t\u00f6pferliebe.com\/"},{"@type":"ListItem","position":2,"name":"Impressum"}]},{"@type":"WebSite","@id":"https:\/\/t\u00f6pferliebe.com\/#website","url":"https:\/\/t\u00f6pferliebe.com\/","name":"t\u00f6pferliebe.com","description":"","publisher":{"@id":"https:\/\/t\u00f6pferliebe.com\/#organization"},"potentialAction":[{"@type":"SearchAction","target":{"@type":"EntryPoint","urlTemplate":"https:\/\/t\u00f6pferliebe.com\/?s={search_term_string}"},"query-input":"required name=search_term_string"}],"inLanguage":"en-US"},{"@type":"Organization","@id":"https:\/\/t\u00f6pferliebe.com\/#organization","name":"t\u00f6pferliebe.com","url":"https:\/\/t\u00f6pferliebe.com\/","logo":{"@type":"ImageObject","inLanguage":"en-US","@id":"https:\/\/t\u00f6pferliebe.com\/#\/schema\/logo\/image\/","url":"https:\/\/t\u00f6pferliebe.com\/wp-content\/uploads\/2023\/11\/cropped-cropped-cropped-banner-Logo1-scaled-1.jpg","contentUrl":"https:\/\/t\u00f6pferliebe.com\/wp-content\/uploads\/2023\/11\/cropped-cropped-cropped-banner-Logo1-scaled-1.jpg","width":2560,"height":642,"caption":"t\u00f6pferliebe.com"},"image":{"@id":"https:\/\/t\u00f6pferliebe.com\/#\/schema\/logo\/image\/"}}]}},"_links":{"self":[{"href":"https:\/\/t\u00f6pferliebe.com\/index.php?rest_route=\/wp\/v2\/pages\/341"}],"collection":[{"href":"https:\/\/t\u00f6pferliebe.com\/index.php?rest_route=\/wp\/v2\/pages"}],"about":[{"href":"https:\/\/t\u00f6pferliebe.com\/index.php?rest_route=\/wp\/v2\/types\/page"}],"author":[{"embeddable":true,"href":"https:\/\/t\u00f6pferliebe.com\/index.php?rest_route=\/wp\/v2\/users\/1"}],"replies":[{"embeddable":true,"href":"https:\/\/t\u00f6pferliebe.com\/index.php?rest_route=%2Fwp%2Fv2%2Fcomments&post=341"}],"version-history":[{"count":2,"href":"https:\/\/t\u00f6pferliebe.com\/index.php?rest_route=\/wp\/v2\/pages\/341\/revisions"}],"predecessor-version":[{"id":346,"href":"https:\/\/t\u00f6pferliebe.com\/index.php?rest_route=\/wp\/v2\/pages\/341\/revisions\/346"}],"wp:attachment":[{"href":"https:\/\/t\u00f6pferliebe.com\/index.php?rest_route=%2Fwp%2Fv2%2Fmedia&parent=341"}],"curies":[{"name":"wp","href":"https:\/\/api.w.org\/{rel}","templated":true}]}}