{"id":417,"date":"2023-11-24T19:36:41","date_gmt":"2023-11-24T18:36:41","guid":{"rendered":"https:\/\/xn--tpferliebe-ecb.com\/?page_id=417"},"modified":"2023-11-27T11:35:38","modified_gmt":"2023-11-27T10:35:38","slug":"untermenue","status":"publish","type":"page","link":"https:\/\/t\u00f6pferliebe.com\/?page_id=417","title":{"rendered":"Blogmen\u00fc"},"content":{"rendered":"\t\t<div data-elementor-type=\"wp-page\" data-elementor-id=\"417\" class=\"elementor elementor-417\">\n\t\t\t\t\t\t<section class=\"elementor-section elementor-top-section elementor-element elementor-element-44d2855 elementor-section-boxed elementor-section-height-default elementor-section-height-default\" data-id=\"44d2855\" data-element_type=\"section\">\n\t\t\t\t\t\t<div class=\"elementor-container elementor-column-gap-default\">\n\t\t\t\t\t<div class=\"aux-parallax-section elementor-column elementor-col-33 elementor-top-column elementor-element elementor-element-a3ef028\" data-id=\"a3ef028\" data-element_type=\"column\">\n\t\t\t<div class=\"elementor-widget-wrap elementor-element-populated\">\n\t\t\t\t\t\t<div class=\"elementor-element elementor-element-ede9776 elementor-widget elementor-widget-heading\" data-id=\"ede9776\" data-element_type=\"widget\" data-widget_type=\"heading.default\">\n\t\t\t\t<div class=\"elementor-widget-container\">\n\t\t\t\t\t<h3 class=\"elementor-heading-title elementor-size-default\">meine<br>T\u00f6pferprojekte<\/h3>\t\t\t\t<\/div>\n\t\t\t\t<\/div>\n\t\t\t\t<div class=\"elementor-element elementor-element-7a2d4ee elementor-widget elementor-widget-image\" data-id=\"7a2d4ee\" data-element_type=\"widget\" data-widget_type=\"image.default\">\n\t\t\t\t<div class=\"elementor-widget-container\">\n\t\t\t\t\t\t\t\t\t\t\t\t\t\t\t\t<a href=\"https:\/\/xn--tpferliebe-ecb.com\/?page_id=387\">\n\t\t\t\t\t\t\t<img fetchpriority=\"high\" decoding=\"async\" width=\"300\" height=\"300\" src=\"https:\/\/t\u00f6pferliebe.com\/wp-content\/uploads\/2023\/11\/iStock-1251391804-300x300.jpg\" class=\"attachment-medium size-medium wp-image-412\" alt=\"\" srcset=\"https:\/\/t\u00f6pferliebe.com\/wp-content\/uploads\/2023\/11\/iStock-1251391804-300x300.jpg 300w, https:\/\/t\u00f6pferliebe.com\/wp-content\/uploads\/2023\/11\/iStock-1251391804-1024x1024.jpg 1024w, https:\/\/t\u00f6pferliebe.com\/wp-content\/uploads\/2023\/11\/iStock-1251391804-150x150.jpg 150w, https:\/\/t\u00f6pferliebe.com\/wp-content\/uploads\/2023\/11\/iStock-1251391804-768x768.jpg 768w\" sizes=\"(max-width: 300px) 100vw, 300px\" \/>\t\t\t\t\t\t\t\t<\/a>\n\t\t\t\t\t\t\t\t\t\t\t\t\t\t\t<\/div>\n\t\t\t\t<\/div>\n\t\t\t\t\t<\/div>\n\t\t<\/div>\n\t\t\t\t<div class=\"aux-parallax-section elementor-column elementor-col-33 elementor-top-column elementor-element elementor-element-6f02077\" data-id=\"6f02077\" data-element_type=\"column\">\n\t\t\t<div class=\"elementor-widget-wrap elementor-element-populated\">\n\t\t\t\t\t\t<div class=\"elementor-element elementor-element-1d131b1 elementor-widget elementor-widget-heading\" data-id=\"1d131b1\" data-element_type=\"widget\" data-widget_type=\"heading.default\">\n\t\t\t\t<div class=\"elementor-widget-container\">\n\t\t\t\t\t<h3 class=\"elementor-heading-title elementor-size-default\"><br>Werkzeug<\/h3>\t\t\t\t<\/div>\n\t\t\t\t<\/div>\n\t\t\t\t<div class=\"elementor-element elementor-element-5e3b516 elementor-widget elementor-widget-image\" data-id=\"5e3b516\" data-element_type=\"widget\" data-widget_type=\"image.default\">\n\t\t\t\t<div class=\"elementor-widget-container\">\n\t\t\t\t\t\t\t\t\t\t\t\t\t\t\t<img decoding=\"async\" width=\"1024\" height=\"1024\" src=\"https:\/\/t\u00f6pferliebe.com\/wp-content\/uploads\/2023\/11\/DSC_1026-2-1024x1024.jpg\" class=\"attachment-large size-large wp-image-333\" alt=\"\" srcset=\"https:\/\/t\u00f6pferliebe.com\/wp-content\/uploads\/2023\/11\/DSC_1026-2-1024x1024.jpg 1024w, https:\/\/t\u00f6pferliebe.com\/wp-content\/uploads\/2023\/11\/DSC_1026-2-300x300.jpg 300w, https:\/\/t\u00f6pferliebe.com\/wp-content\/uploads\/2023\/11\/DSC_1026-2-150x150.jpg 150w, https:\/\/t\u00f6pferliebe.com\/wp-content\/uploads\/2023\/11\/DSC_1026-2-768x768.jpg 768w\" sizes=\"(max-width: 1024px) 100vw, 1024px\" \/>\t\t\t\t\t\t\t\t\t\t\t\t\t\t\t<\/div>\n\t\t\t\t<\/div>\n\t\t\t\t\t<\/div>\n\t\t<\/div>\n\t\t\t\t<div class=\"aux-parallax-section elementor-column elementor-col-33 elementor-top-column elementor-element elementor-element-bc7fb10\" data-id=\"bc7fb10\" data-element_type=\"column\">\n\t\t\t<div class=\"elementor-widget-wrap elementor-element-populated\">\n\t\t\t\t\t\t<div class=\"elementor-element elementor-element-7949f4d elementor-widget-tablet__width-initial elementor-widget elementor-widget-heading\" data-id=\"7949f4d\" data-element_type=\"widget\" data-widget_type=\"heading.default\">\n\t\t\t\t<div class=\"elementor-widget-container\">\n\t\t\t\t\t<h3 class=\"elementor-heading-title elementor-size-default\">Arbeitstechniken mit Ton<\/h3>\t\t\t\t<\/div>\n\t\t\t\t<\/div>\n\t\t\t\t<div class=\"elementor-element elementor-element-c73043c elementor-widget elementor-widget-image\" data-id=\"c73043c\" data-element_type=\"widget\" data-widget_type=\"image.default\">\n\t\t\t\t<div class=\"elementor-widget-container\">\n\t\t\t\t\t\t\t\t\t\t\t\t\t\t\t<img decoding=\"async\" width=\"300\" height=\"300\" src=\"https:\/\/t\u00f6pferliebe.com\/wp-content\/uploads\/2023\/11\/iStock-1474840856-300x300.jpg\" class=\"attachment-medium size-medium wp-image-316\" alt=\"\" srcset=\"https:\/\/t\u00f6pferliebe.com\/wp-content\/uploads\/2023\/11\/iStock-1474840856-300x300.jpg 300w, https:\/\/t\u00f6pferliebe.com\/wp-content\/uploads\/2023\/11\/iStock-1474840856-1024x1024.jpg 1024w, https:\/\/t\u00f6pferliebe.com\/wp-content\/uploads\/2023\/11\/iStock-1474840856-150x150.jpg 150w, https:\/\/t\u00f6pferliebe.com\/wp-content\/uploads\/2023\/11\/iStock-1474840856-768x768.jpg 768w\" sizes=\"(max-width: 300px) 100vw, 300px\" \/>\t\t\t\t\t\t\t\t\t\t\t\t\t\t\t<\/div>\n\t\t\t\t<\/div>\n\t\t\t\t\t<\/div>\n\t\t<\/div>\n\t\t\t\t\t<\/div>\n\t\t<\/section>\n\t\t\t\t<section class=\"elementor-section elementor-top-section elementor-element elementor-element-f69fed2 elementor-section-boxed elementor-section-height-default elementor-section-height-default\" data-id=\"f69fed2\" data-element_type=\"section\">\n\t\t\t\t\t\t<div class=\"elementor-container elementor-column-gap-default\">\n\t\t\t\t\t<div class=\"aux-parallax-section elementor-column elementor-col-33 elementor-top-column elementor-element elementor-element-f53abc3\" data-id=\"f53abc3\" data-element_type=\"column\">\n\t\t\t<div class=\"elementor-widget-wrap elementor-element-populated\">\n\t\t\t\t\t\t<div class=\"elementor-element elementor-element-ab1b973 elementor-widget elementor-widget-button\" data-id=\"ab1b973\" data-element_type=\"widget\" data-widget_type=\"button.default\">\n\t\t\t\t<div class=\"elementor-widget-container\">\n\t\t\t\t\t\t\t\t\t<div class=\"elementor-button-wrapper\">\n\t\t\t\t\t<a class=\"elementor-button elementor-button-link elementor-size-sm\" href=\"https:\/\/xn--tpferliebe-ecb.com\/?cat=72\">\n\t\t\t\t\t\t<span class=\"elementor-button-content-wrapper\">\n\t\t\t\t\t\t\t\t\t<span class=\"elementor-button-text\">hier gehts zu den Beitr\u00e4gen<\/span>\n\t\t\t\t\t<\/span>\n\t\t\t\t\t<\/a>\n\t\t\t\t<\/div>\n\t\t\t\t\t\t\t\t<\/div>\n\t\t\t\t<\/div>\n\t\t\t\t\t<\/div>\n\t\t<\/div>\n\t\t\t\t<div class=\"aux-parallax-section elementor-column elementor-col-33 elementor-top-column elementor-element elementor-element-98ee7ca\" data-id=\"98ee7ca\" data-element_type=\"column\">\n\t\t\t<div class=\"elementor-widget-wrap elementor-element-populated\">\n\t\t\t\t\t\t<div class=\"elementor-element elementor-element-4dead77 elementor-widget elementor-widget-button\" data-id=\"4dead77\" data-element_type=\"widget\" data-widget_type=\"button.default\">\n\t\t\t\t<div class=\"elementor-widget-container\">\n\t\t\t\t\t\t\t\t\t<div class=\"elementor-button-wrapper\">\n\t\t\t\t\t<a class=\"elementor-button elementor-button-link elementor-size-sm\" href=\"https:\/\/xn--tpferliebe-ecb.com\/?cat=63\">\n\t\t\t\t\t\t<span class=\"elementor-button-content-wrapper\">\n\t\t\t\t\t\t\t\t\t<span class=\"elementor-button-text\">hier gehts zu den Beitr\u00e4gen<\/span>\n\t\t\t\t\t<\/span>\n\t\t\t\t\t<\/a>\n\t\t\t\t<\/div>\n\t\t\t\t\t\t\t\t<\/div>\n\t\t\t\t<\/div>\n\t\t\t\t\t<\/div>\n\t\t<\/div>\n\t\t\t\t<div class=\"aux-parallax-section elementor-column elementor-col-33 elementor-top-column elementor-element elementor-element-39ae785\" data-id=\"39ae785\" data-element_type=\"column\">\n\t\t\t<div class=\"elementor-widget-wrap elementor-element-populated\">\n\t\t\t\t\t\t<div class=\"elementor-element elementor-element-87a06e2 elementor-widget elementor-widget-button\" data-id=\"87a06e2\" data-element_type=\"widget\" data-widget_type=\"button.default\">\n\t\t\t\t<div class=\"elementor-widget-container\">\n\t\t\t\t\t\t\t\t\t<div class=\"elementor-button-wrapper\">\n\t\t\t\t\t<a class=\"elementor-button elementor-button-link elementor-size-sm\" href=\"https:\/\/xn--tpferliebe-ecb.com\/?cat=73\">\n\t\t\t\t\t\t<span class=\"elementor-button-content-wrapper\">\n\t\t\t\t\t\t\t\t\t<span class=\"elementor-button-text\">hier gehts zu den Beitr\u00e4gen<\/span>\n\t\t\t\t\t<\/span>\n\t\t\t\t\t<\/a>\n\t\t\t\t<\/div>\n\t\t\t\t\t\t\t\t<\/div>\n\t\t\t\t<\/div>\n\t\t\t\t\t<\/div>\n\t\t<\/div>\n\t\t\t\t\t<\/div>\n\t\t<\/section>\n\t\t\t\t<section class=\"elementor-section elementor-top-section elementor-element elementor-element-e0d2c2b elementor-section-boxed elementor-section-height-default elementor-section-height-default\" data-id=\"e0d2c2b\" data-element_type=\"section\">\n\t\t\t\t\t\t<div class=\"elementor-container elementor-column-gap-default\">\n\t\t\t\t\t<div class=\"aux-parallax-section elementor-column elementor-col-33 elementor-top-column elementor-element elementor-element-4290fe4\" data-id=\"4290fe4\" data-element_type=\"column\">\n\t\t\t<div class=\"elementor-widget-wrap elementor-element-populated\">\n\t\t\t\t\t\t<div class=\"elementor-element elementor-element-c8f24ce elementor-widget-divider--view-line elementor-widget elementor-widget-divider\" data-id=\"c8f24ce\" data-element_type=\"widget\" data-widget_type=\"divider.default\">\n\t\t\t\t<div class=\"elementor-widget-container\">\n\t\t\t\t\t\t\t<div class=\"elementor-divider\">\n\t\t\t<span class=\"elementor-divider-separator\">\n\t\t\t\t\t\t<\/span>\n\t\t<\/div>\n\t\t\t\t\t\t<\/div>\n\t\t\t\t<\/div>\n\t\t\t\t<div class=\"elementor-element elementor-element-1d7174b elementor-widget elementor-widget-heading\" data-id=\"1d7174b\" data-element_type=\"widget\" data-widget_type=\"heading.default\">\n\t\t\t\t<div class=\"elementor-widget-container\">\n\t\t\t\t\t<h3 class=\"elementor-heading-title elementor-size-default\">Glasur-<br>techniken<\/h3>\t\t\t\t<\/div>\n\t\t\t\t<\/div>\n\t\t\t\t<div class=\"elementor-element elementor-element-3d272f3 elementor-widget elementor-widget-image\" data-id=\"3d272f3\" data-element_type=\"widget\" data-widget_type=\"image.default\">\n\t\t\t\t<div class=\"elementor-widget-container\">\n\t\t\t\t\t\t\t\t\t\t\t\t\t\t\t<img loading=\"lazy\" decoding=\"async\" width=\"300\" height=\"300\" src=\"https:\/\/t\u00f6pferliebe.com\/wp-content\/uploads\/2023\/11\/iStock-1388141770-300x300.jpg\" class=\"attachment-medium size-medium wp-image-406\" alt=\"\" srcset=\"https:\/\/t\u00f6pferliebe.com\/wp-content\/uploads\/2023\/11\/iStock-1388141770-300x300.jpg 300w, https:\/\/t\u00f6pferliebe.com\/wp-content\/uploads\/2023\/11\/iStock-1388141770-1024x1024.jpg 1024w, https:\/\/t\u00f6pferliebe.com\/wp-content\/uploads\/2023\/11\/iStock-1388141770-150x150.jpg 150w, https:\/\/t\u00f6pferliebe.com\/wp-content\/uploads\/2023\/11\/iStock-1388141770-768x768.jpg 768w\" sizes=\"(max-width: 300px) 100vw, 300px\" \/>\t\t\t\t\t\t\t\t\t\t\t\t\t\t\t<\/div>\n\t\t\t\t<\/div>\n\t\t\t\t<div class=\"elementor-element elementor-element-299fd93 elementor-widget elementor-widget-button\" data-id=\"299fd93\" data-element_type=\"widget\" data-widget_type=\"button.default\">\n\t\t\t\t<div class=\"elementor-widget-container\">\n\t\t\t\t\t\t\t\t\t<div class=\"elementor-button-wrapper\">\n\t\t\t\t\t<a class=\"elementor-button elementor-button-link elementor-size-sm\" href=\"https:\/\/xn--tpferliebe-ecb.com\/?cat=74\">\n\t\t\t\t\t\t<span class=\"elementor-button-content-wrapper\">\n\t\t\t\t\t\t\t\t\t<span class=\"elementor-button-text\">hier gehts zu den Beitr\u00e4gen<\/span>\n\t\t\t\t\t<\/span>\n\t\t\t\t\t<\/a>\n\t\t\t\t<\/div>\n\t\t\t\t\t\t\t\t<\/div>\n\t\t\t\t<\/div>\n\t\t\t\t\t<\/div>\n\t\t<\/div>\n\t\t\t\t<div class=\"aux-parallax-section elementor-column elementor-col-33 elementor-top-column elementor-element elementor-element-6dac885\" data-id=\"6dac885\" data-element_type=\"column\">\n\t\t\t<div class=\"elementor-widget-wrap elementor-element-populated\">\n\t\t\t\t\t\t<div class=\"elementor-element elementor-element-96740a1 elementor-widget-divider--view-line elementor-widget elementor-widget-divider\" data-id=\"96740a1\" data-element_type=\"widget\" data-widget_type=\"divider.default\">\n\t\t\t\t<div class=\"elementor-widget-container\">\n\t\t\t\t\t\t\t<div class=\"elementor-divider\">\n\t\t\t<span class=\"elementor-divider-separator\">\n\t\t\t\t\t\t<\/span>\n\t\t<\/div>\n\t\t\t\t\t\t<\/div>\n\t\t\t\t<\/div>\n\t\t\t\t<div class=\"elementor-element elementor-element-9116506 elementor-widget elementor-widget-heading\" data-id=\"9116506\" data-element_type=\"widget\" data-widget_type=\"heading.default\">\n\t\t\t\t<div class=\"elementor-widget-container\">\n\t\t\t\t\t<h3 class=\"elementor-heading-title elementor-size-default\"><br>Brennen<\/h3>\t\t\t\t<\/div>\n\t\t\t\t<\/div>\n\t\t\t\t<div class=\"elementor-element elementor-element-62440f8 elementor-widget elementor-widget-image\" data-id=\"62440f8\" data-element_type=\"widget\" data-widget_type=\"image.default\">\n\t\t\t\t<div class=\"elementor-widget-container\">\n\t\t\t\t\t\t\t\t\t\t\t\t\t\t\t<img loading=\"lazy\" decoding=\"async\" width=\"300\" height=\"300\" src=\"https:\/\/t\u00f6pferliebe.com\/wp-content\/uploads\/2023\/11\/viviane-okubo-o1cQD9qbPbk-unsplash-300x300.jpg\" class=\"attachment-medium size-medium wp-image-517\" alt=\"\" srcset=\"https:\/\/t\u00f6pferliebe.com\/wp-content\/uploads\/2023\/11\/viviane-okubo-o1cQD9qbPbk-unsplash-300x300.jpg 300w, https:\/\/t\u00f6pferliebe.com\/wp-content\/uploads\/2023\/11\/viviane-okubo-o1cQD9qbPbk-unsplash-1024x1024.jpg 1024w, https:\/\/t\u00f6pferliebe.com\/wp-content\/uploads\/2023\/11\/viviane-okubo-o1cQD9qbPbk-unsplash-150x150.jpg 150w, https:\/\/t\u00f6pferliebe.com\/wp-content\/uploads\/2023\/11\/viviane-okubo-o1cQD9qbPbk-unsplash-768x768.jpg 768w\" sizes=\"(max-width: 300px) 100vw, 300px\" \/>\t\t\t\t\t\t\t\t\t\t\t\t\t\t\t<\/div>\n\t\t\t\t<\/div>\n\t\t\t\t<div class=\"elementor-element elementor-element-433b072 elementor-widget elementor-widget-button\" data-id=\"433b072\" data-element_type=\"widget\" data-widget_type=\"button.default\">\n\t\t\t\t<div class=\"elementor-widget-container\">\n\t\t\t\t\t\t\t\t\t<div class=\"elementor-button-wrapper\">\n\t\t\t\t\t<a class=\"elementor-button elementor-button-link elementor-size-sm\" href=\"https:\/\/xn--tpferliebe-ecb.com\/?cat=61\">\n\t\t\t\t\t\t<span class=\"elementor-button-content-wrapper\">\n\t\t\t\t\t\t\t\t\t<span class=\"elementor-button-text\">hier gehts zu den Beitr\u00e4gen<\/span>\n\t\t\t\t\t<\/span>\n\t\t\t\t\t<\/a>\n\t\t\t\t<\/div>\n\t\t\t\t\t\t\t\t<\/div>\n\t\t\t\t<\/div>\n\t\t\t\t\t<\/div>\n\t\t<\/div>\n\t\t\t\t<div class=\"aux-parallax-section elementor-column elementor-col-33 elementor-top-column elementor-element elementor-element-7e68dc1\" data-id=\"7e68dc1\" data-element_type=\"column\">\n\t\t\t<div class=\"elementor-widget-wrap elementor-element-populated\">\n\t\t\t\t\t\t<div class=\"elementor-element elementor-element-f2739f0 elementor-widget-divider--view-line elementor-widget elementor-widget-divider\" data-id=\"f2739f0\" data-element_type=\"widget\" data-widget_type=\"divider.default\">\n\t\t\t\t<div class=\"elementor-widget-container\">\n\t\t\t\t\t\t\t<div class=\"elementor-divider\">\n\t\t\t<span class=\"elementor-divider-separator\">\n\t\t\t\t\t\t<\/span>\n\t\t<\/div>\n\t\t\t\t\t\t<\/div>\n\t\t\t\t<\/div>\n\t\t\t\t<div class=\"elementor-element elementor-element-21879b8 elementor-widget elementor-widget-heading\" data-id=\"21879b8\" data-element_type=\"widget\" data-widget_type=\"heading.default\">\n\t\t\t\t<div class=\"elementor-widget-container\">\n\t\t\t\t\t<h3 class=\"elementor-heading-title elementor-size-default\">Tipps &amp; <br>Tricks<\/h3>\t\t\t\t<\/div>\n\t\t\t\t<\/div>\n\t\t\t\t<div class=\"elementor-element elementor-element-262bb4c elementor-widget elementor-widget-image\" data-id=\"262bb4c\" data-element_type=\"widget\" data-widget_type=\"image.default\">\n\t\t\t\t<div class=\"elementor-widget-container\">\n\t\t\t\t\t\t\t\t\t\t\t\t\t\t\t<img loading=\"lazy\" decoding=\"async\" width=\"300\" height=\"300\" src=\"https:\/\/t\u00f6pferliebe.com\/wp-content\/uploads\/2023\/11\/DSC_0006-300x300.jpg\" class=\"attachment-medium size-medium wp-image-372\" alt=\"\" srcset=\"https:\/\/t\u00f6pferliebe.com\/wp-content\/uploads\/2023\/11\/DSC_0006-300x300.jpg 300w, https:\/\/t\u00f6pferliebe.com\/wp-content\/uploads\/2023\/11\/DSC_0006-1024x1024.jpg 1024w, https:\/\/t\u00f6pferliebe.com\/wp-content\/uploads\/2023\/11\/DSC_0006-150x150.jpg 150w, https:\/\/t\u00f6pferliebe.com\/wp-content\/uploads\/2023\/11\/DSC_0006-768x768.jpg 768w\" sizes=\"(max-width: 300px) 100vw, 300px\" \/>\t\t\t\t\t\t\t\t\t\t\t\t\t\t\t<\/div>\n\t\t\t\t<\/div>\n\t\t\t\t<div class=\"elementor-element elementor-element-d2188a3 elementor-widget elementor-widget-button\" data-id=\"d2188a3\" data-element_type=\"widget\" data-widget_type=\"button.default\">\n\t\t\t\t<div class=\"elementor-widget-container\">\n\t\t\t\t\t\t\t\t\t<div class=\"elementor-button-wrapper\">\n\t\t\t\t\t<a class=\"elementor-button elementor-button-link elementor-size-sm\" href=\"https:\/\/xn--tpferliebe-ecb.com\/?cat=71\">\n\t\t\t\t\t\t<span class=\"elementor-button-content-wrapper\">\n\t\t\t\t\t\t\t\t\t<span class=\"elementor-button-text\">hier gehts zu den Beitr\u00e4gen<\/span>\n\t\t\t\t\t<\/span>\n\t\t\t\t\t<\/a>\n\t\t\t\t<\/div>\n\t\t\t\t\t\t\t\t<\/div>\n\t\t\t\t<\/div>\n\t\t\t\t\t<\/div>\n\t\t<\/div>\n\t\t\t\t\t<\/div>\n\t\t<\/section>\n\t\t\t\t<\/div>\n\t\t","protected":false},"excerpt":{"rendered":"<p>meine T\u00f6pferprojekte Werkzeug Arbeitstechniken mit Ton hier gehts zu den Beitr\u00e4gen hier gehts zu den Beitr\u00e4gen hier gehts zu den Beitr\u00e4gen Glasur- techniken hier gehts zu den Beitr\u00e4gen Brennen hier gehts zu den Beitr\u00e4gen Tipps &amp; Tricks hier gehts zu den Beitr\u00e4gen<\/p>\n","protected":false},"author":1,"featured_media":0,"parent":0,"menu_order":0,"comment_status":"closed","ping_status":"closed","template":"","meta":{"footnotes":""},"yoast_head":"<!-- This site is optimized with the Yoast SEO plugin v22.1 - https:\/\/yoast.com\/wordpress\/plugins\/seo\/ -->\n<title>Blogmen\u00fc - t\u00f6pferliebe.com<\/title>\n<meta name=\"robots\" content=\"index, follow, max-snippet:-1, max-image-preview:large, max-video-preview:-1\" \/>\n<link rel=\"canonical\" href=\"https:\/\/t\u00f6pferliebe.com\/?page_id=417\" \/>\n<meta property=\"og:locale\" content=\"en_US\" \/>\n<meta property=\"og:type\" content=\"article\" \/>\n<meta property=\"og:title\" content=\"Blogmen\u00fc - t\u00f6pferliebe.com\" \/>\n<meta property=\"og:description\" content=\"meine T\u00f6pferprojekte Werkzeug Arbeitstechniken mit Ton hier gehts zu den Beitr\u00e4gen hier gehts zu den Beitr\u00e4gen hier gehts zu den Beitr\u00e4gen Glasur- techniken hier gehts zu den Beitr\u00e4gen Brennen hier gehts zu den Beitr\u00e4gen Tipps &amp; Tricks hier gehts zu den Beitr\u00e4gen\" \/>\n<meta property=\"og:url\" content=\"https:\/\/t\u00f6pferliebe.com\/?page_id=417\" \/>\n<meta property=\"og:site_name\" content=\"t\u00f6pferliebe.com\" \/>\n<meta property=\"article:modified_time\" content=\"2023-11-27T10:35:38+00:00\" \/>\n<meta property=\"og:image\" content=\"http:\/\/xn--tpferliebe-ecb.com\/wp-content\/uploads\/2023\/11\/iStock-1251391804-300x300.jpg\" \/>\n<meta name=\"twitter:card\" content=\"summary_large_image\" \/>\n<meta name=\"twitter:label1\" content=\"Est. reading time\" \/>\n\t<meta name=\"twitter:data1\" content=\"2 minutes\" \/>\n<script type=\"application\/ld+json\" class=\"yoast-schema-graph\">{\"@context\":\"https:\/\/schema.org\",\"@graph\":[{\"@type\":\"WebPage\",\"@id\":\"https:\/\/t\u00f6pferliebe.com\/?page_id=417\",\"url\":\"https:\/\/t\u00f6pferliebe.com\/?page_id=417\",\"name\":\"Blogmen\u00fc - t\u00f6pferliebe.com\",\"isPartOf\":{\"@id\":\"https:\/\/t\u00f6pferliebe.com\/#website\"},\"datePublished\":\"2023-11-24T18:36:41+00:00\",\"dateModified\":\"2023-11-27T10:35:38+00:00\",\"breadcrumb\":{\"@id\":\"https:\/\/t\u00f6pferliebe.com\/?page_id=417#breadcrumb\"},\"inLanguage\":\"en-US\",\"potentialAction\":[{\"@type\":\"ReadAction\",\"target\":[\"https:\/\/t\u00f6pferliebe.com\/?page_id=417\"]}]},{\"@type\":\"BreadcrumbList\",\"@id\":\"https:\/\/t\u00f6pferliebe.com\/?page_id=417#breadcrumb\",\"itemListElement\":[{\"@type\":\"ListItem\",\"position\":1,\"name\":\"Startseite\",\"item\":\"https:\/\/t\u00f6pferliebe.com\/\"},{\"@type\":\"ListItem\",\"position\":2,\"name\":\"Blogmen\u00fc\"}]},{\"@type\":\"WebSite\",\"@id\":\"https:\/\/t\u00f6pferliebe.com\/#website\",\"url\":\"https:\/\/t\u00f6pferliebe.com\/\",\"name\":\"t\u00f6pferliebe.com\",\"description\":\"\",\"publisher\":{\"@id\":\"https:\/\/t\u00f6pferliebe.com\/#organization\"},\"potentialAction\":[{\"@type\":\"SearchAction\",\"target\":{\"@type\":\"EntryPoint\",\"urlTemplate\":\"https:\/\/t\u00f6pferliebe.com\/?s={search_term_string}\"},\"query-input\":\"required name=search_term_string\"}],\"inLanguage\":\"en-US\"},{\"@type\":\"Organization\",\"@id\":\"https:\/\/t\u00f6pferliebe.com\/#organization\",\"name\":\"t\u00f6pferliebe.com\",\"url\":\"https:\/\/t\u00f6pferliebe.com\/\",\"logo\":{\"@type\":\"ImageObject\",\"inLanguage\":\"en-US\",\"@id\":\"https:\/\/t\u00f6pferliebe.com\/#\/schema\/logo\/image\/\",\"url\":\"https:\/\/t\u00f6pferliebe.com\/wp-content\/uploads\/2023\/11\/cropped-cropped-cropped-banner-Logo1-scaled-1.jpg\",\"contentUrl\":\"https:\/\/t\u00f6pferliebe.com\/wp-content\/uploads\/2023\/11\/cropped-cropped-cropped-banner-Logo1-scaled-1.jpg\",\"width\":2560,\"height\":642,\"caption\":\"t\u00f6pferliebe.com\"},\"image\":{\"@id\":\"https:\/\/t\u00f6pferliebe.com\/#\/schema\/logo\/image\/\"}}]}<\/script>\n<!-- \/ Yoast SEO plugin. -->","yoast_head_json":{"title":"Blogmen\u00fc - t\u00f6pferliebe.com","robots":{"index":"index","follow":"follow","max-snippet":"max-snippet:-1","max-image-preview":"max-image-preview:large","max-video-preview":"max-video-preview:-1"},"canonical":"https:\/\/t\u00f6pferliebe.com\/?page_id=417","og_locale":"en_US","og_type":"article","og_title":"Blogmen\u00fc - t\u00f6pferliebe.com","og_description":"meine T\u00f6pferprojekte Werkzeug Arbeitstechniken mit Ton hier gehts zu den Beitr\u00e4gen hier gehts zu den Beitr\u00e4gen hier gehts zu den Beitr\u00e4gen Glasur- techniken hier gehts zu den Beitr\u00e4gen Brennen hier gehts zu den Beitr\u00e4gen Tipps &amp; Tricks hier gehts zu den Beitr\u00e4gen","og_url":"https:\/\/t\u00f6pferliebe.com\/?page_id=417","og_site_name":"t\u00f6pferliebe.com","article_modified_time":"2023-11-27T10:35:38+00:00","og_image":[{"url":"http:\/\/xn--tpferliebe-ecb.com\/wp-content\/uploads\/2023\/11\/iStock-1251391804-300x300.jpg"}],"twitter_card":"summary_large_image","twitter_misc":{"Est. reading time":"2 minutes"},"schema":{"@context":"https:\/\/schema.org","@graph":[{"@type":"WebPage","@id":"https:\/\/t\u00f6pferliebe.com\/?page_id=417","url":"https:\/\/t\u00f6pferliebe.com\/?page_id=417","name":"Blogmen\u00fc - t\u00f6pferliebe.com","isPartOf":{"@id":"https:\/\/t\u00f6pferliebe.com\/#website"},"datePublished":"2023-11-24T18:36:41+00:00","dateModified":"2023-11-27T10:35:38+00:00","breadcrumb":{"@id":"https:\/\/t\u00f6pferliebe.com\/?page_id=417#breadcrumb"},"inLanguage":"en-US","potentialAction":[{"@type":"ReadAction","target":["https:\/\/t\u00f6pferliebe.com\/?page_id=417"]}]},{"@type":"BreadcrumbList","@id":"https:\/\/t\u00f6pferliebe.com\/?page_id=417#breadcrumb","itemListElement":[{"@type":"ListItem","position":1,"name":"Startseite","item":"https:\/\/t\u00f6pferliebe.com\/"},{"@type":"ListItem","position":2,"name":"Blogmen\u00fc"}]},{"@type":"WebSite","@id":"https:\/\/t\u00f6pferliebe.com\/#website","url":"https:\/\/t\u00f6pferliebe.com\/","name":"t\u00f6pferliebe.com","description":"","publisher":{"@id":"https:\/\/t\u00f6pferliebe.com\/#organization"},"potentialAction":[{"@type":"SearchAction","target":{"@type":"EntryPoint","urlTemplate":"https:\/\/t\u00f6pferliebe.com\/?s={search_term_string}"},"query-input":"required name=search_term_string"}],"inLanguage":"en-US"},{"@type":"Organization","@id":"https:\/\/t\u00f6pferliebe.com\/#organization","name":"t\u00f6pferliebe.com","url":"https:\/\/t\u00f6pferliebe.com\/","logo":{"@type":"ImageObject","inLanguage":"en-US","@id":"https:\/\/t\u00f6pferliebe.com\/#\/schema\/logo\/image\/","url":"https:\/\/t\u00f6pferliebe.com\/wp-content\/uploads\/2023\/11\/cropped-cropped-cropped-banner-Logo1-scaled-1.jpg","contentUrl":"https:\/\/t\u00f6pferliebe.com\/wp-content\/uploads\/2023\/11\/cropped-cropped-cropped-banner-Logo1-scaled-1.jpg","width":2560,"height":642,"caption":"t\u00f6pferliebe.com"},"image":{"@id":"https:\/\/t\u00f6pferliebe.com\/#\/schema\/logo\/image\/"}}]}},"_links":{"self":[{"href":"https:\/\/t\u00f6pferliebe.com\/index.php?rest_route=\/wp\/v2\/pages\/417"}],"collection":[{"href":"https:\/\/t\u00f6pferliebe.com\/index.php?rest_route=\/wp\/v2\/pages"}],"about":[{"href":"https:\/\/t\u00f6pferliebe.com\/index.php?rest_route=\/wp\/v2\/types\/page"}],"author":[{"embeddable":true,"href":"https:\/\/t\u00f6pferliebe.com\/index.php?rest_route=\/wp\/v2\/users\/1"}],"replies":[{"embeddable":true,"href":"https:\/\/t\u00f6pferliebe.com\/index.php?rest_route=%2Fwp%2Fv2%2Fcomments&post=417"}],"version-history":[{"count":67,"href":"https:\/\/t\u00f6pferliebe.com\/index.php?rest_route=\/wp\/v2\/pages\/417\/revisions"}],"predecessor-version":[{"id":529,"href":"https:\/\/t\u00f6pferliebe.com\/index.php?rest_route=\/wp\/v2\/pages\/417\/revisions\/529"}],"wp:attachment":[{"href":"https:\/\/t\u00f6pferliebe.com\/index.php?rest_route=%2Fwp%2Fv2%2Fmedia&parent=417"}],"curies":[{"name":"wp","href":"https:\/\/api.w.org\/{rel}","templated":true}]}}